{"id":1140,"date":"2020-12-22T18:30:02","date_gmt":"2020-12-23T00:30:02","guid":{"rendered":"https:\/\/slg.gt\/wp2\/producto\/import-placeholder-for-50\/"},"modified":"2025-12-09T09:13:20","modified_gmt":"2025-12-09T15:13:20","slug":"guantes-de-latex","status":"publish","type":"product","link":"https:\/\/slg.gt\/wp1\/producto\/guantes-de-latex\/","title":{"rendered":"Guantes de L\u00e1tex"},"content":{"rendered":"<p>Guantes de L\u00e1tex &#8211; C\u00f3digo G1LATEX<\/p>\n<ul>\n<li>Guante de L\u00e1tex desechable<\/li>\n<li>Bajos en polvo<\/li>\n<li>Especiales para procesos alimenticios y de bajo riesgo<\/li>\n<li>Presentaci\u00f3n: Caja de 50 pares<\/li>\n<\/ul>\n","protected":false},"excerpt":{"rendered":"<p>Guantes de L\u00e1tex &#8211; C\u00f3digo G1LATEX<\/p>\n","protected":false},"featured_media":6616,"template":"","meta":{"inline_featured_image":false,"_joinchat":[]},"product_cat":[92],"product_tag":[],"class_list":{"0":"post-1140","1":"product","2":"type-product","3":"status-publish","4":"has-post-thumbnail","6":"product_cat-desechables","8":"first","9":"instock","10":"shipping-taxable","11":"product-type-simple"},"_links":{"self":[{"href":"https:\/\/slg.gt\/wp1\/wp-json\/wp\/v2\/product\/1140","targetHints":{"allow":["GET"]}}],"collection":[{"href":"https:\/\/slg.gt\/wp1\/wp-json\/wp\/v2\/product"}],"about":[{"href":"https:\/\/slg.gt\/wp1\/wp-json\/wp\/v2\/types\/product"}],"wp:featuredmedia":[{"embeddable":true,"href":"https:\/\/slg.gt\/wp1\/wp-json\/wp\/v2\/media\/6616"}],"wp:attachment":[{"href":"https:\/\/slg.gt\/wp1\/wp-json\/wp\/v2\/media?parent=1140"}],"wp:term":[{"taxonomy":"product_cat","embeddable":true,"href":"https:\/\/slg.gt\/wp1\/wp-json\/wp\/v2\/product_cat?post=1140"},{"taxonomy":"product_tag","embeddable":true,"href":"https:\/\/slg.gt\/wp1\/wp-json\/wp\/v2\/product_tag?post=1140"}],"curies":[{"name":"wp","href":"https:\/\/api.w.org\/{rel}","templated":true}]}}