{"id":1144,"date":"2020-12-22T18:30:03","date_gmt":"2020-12-23T00:30:03","guid":{"rendered":"https:\/\/slg.gt\/wp2\/producto\/import-placeholder-for-57\/"},"modified":"2025-12-09T09:18:14","modified_gmt":"2025-12-09T15:18:14","slug":"guante-de-nitrilo","status":"publish","type":"product","link":"https:\/\/slg.gt\/wp1\/producto\/guante-de-nitrilo\/","title":{"rendered":"Guante de Nitrilo"},"content":{"rendered":"<p>Guante de Nitrilo &#8211; C\u00f3digo G4NIT<\/p>\n<ul>\n<li>100% Libre de l\u00e1tex, no contiene prote\u00ednas, provenientes de este hule.<\/li>\n<li>Guante sint\u00e9tico de nitrilo con dise\u00f1o ambidiestro, ajuste perfecto y confortable.<\/li>\n<li>Acabado texturizado en la yema de los dedos, para un mejor agarre con el instrumental.<\/li>\n<li>Es perfecto para aplicaciones exigentes, especialmente en \u00e1reas de limpieza, lavado y manipulaci\u00f3n de qu\u00edmicos.<\/li>\n<li>Color celeste.<\/li>\n<li>Tallas: S, M y L.<\/li>\n<\/ul>\n","protected":false},"excerpt":{"rendered":"<p>Guante de Nitrilo &#8211; C\u00f3digo G4NIT<\/p>\n","protected":false},"featured_media":6620,"template":"","meta":{"inline_featured_image":false,"_joinchat":[]},"product_cat":[92],"product_tag":[],"class_list":{"0":"post-1144","1":"product","2":"type-product","3":"status-publish","4":"has-post-thumbnail","6":"product_cat-desechables","8":"first","9":"instock","10":"shipping-taxable","11":"product-type-simple"},"_links":{"self":[{"href":"https:\/\/slg.gt\/wp1\/wp-json\/wp\/v2\/product\/1144","targetHints":{"allow":["GET"]}}],"collection":[{"href":"https:\/\/slg.gt\/wp1\/wp-json\/wp\/v2\/product"}],"about":[{"href":"https:\/\/slg.gt\/wp1\/wp-json\/wp\/v2\/types\/product"}],"wp:featuredmedia":[{"embeddable":true,"href":"https:\/\/slg.gt\/wp1\/wp-json\/wp\/v2\/media\/6620"}],"wp:attachment":[{"href":"https:\/\/slg.gt\/wp1\/wp-json\/wp\/v2\/media?parent=1144"}],"wp:term":[{"taxonomy":"product_cat","embeddable":true,"href":"https:\/\/slg.gt\/wp1\/wp-json\/wp\/v2\/product_cat?post=1144"},{"taxonomy":"product_tag","embeddable":true,"href":"https:\/\/slg.gt\/wp1\/wp-json\/wp\/v2\/product_tag?post=1144"}],"curies":[{"name":"wp","href":"https:\/\/api.w.org\/{rel}","templated":true}]}}