{"id":1146,"date":"2020-12-22T18:30:03","date_gmt":"2020-12-23T00:30:03","guid":{"rendered":"https:\/\/slg.gt\/wp2\/producto\/import-placeholder-for-61\/"},"modified":"2025-12-09T10:09:21","modified_gmt":"2025-12-09T16:09:21","slug":"arnes-de-seguridad-de-cuerpo-completo","status":"publish","type":"product","link":"https:\/\/slg.gt\/wp1\/producto\/arnes-de-seguridad-de-cuerpo-completo\/","title":{"rendered":"Arn\u00e9s de Seguridad de Cuerpo completo"},"content":{"rendered":"<p>Arn\u00e9s de 3 puntos \/ Arn\u00e9s de seguridad \/ Arn\u00e9s de 3 argollas \/ Arn\u00e9s anti ca\u00eddas \u00a0\u00a0\u2013 C\u00f3digo ARN15<\/p>\n<ul>\n<li>3 aros de aleaci\u00f3n de acero forjado, uno deslizable en la espalda y dos a ambos lados de la cadera.<\/li>\n<li>5 puntos de ajuste.<\/li>\n<li>Marca\u00a0BSAFE<\/li>\n<li>Los aros soportan una tensi\u00f3n de 2000+ 10kgf<\/li>\n<li>Cuenta con correa sub p\u00e9lvica para comodidad del usuario y correo\u00a0para el pecho lo que ofrece una mayor comodidad y seguridad<\/li>\n<li>El arn\u00e9s est\u00e1 construido con bandas de poli\u00e9ster de color rojo con amplios traslapos cosidos con hilo de nylon reforzado<\/li>\n<li>Certificaci\u00f3n \u00a0ANSI Z.359.11<\/li>\n<\/ul>\n","protected":false},"excerpt":{"rendered":"<p>Arn\u00e9s de 3 puntos \/ Arn\u00e9s de seguridad \/ Arn\u00e9s de 3 argollas \/ Arn\u00e9s anti ca\u00eddas \u00a0\u00a0\u2013 C\u00f3digo ARN15<\/p>\n","protected":false},"featured_media":6622,"template":"","meta":{"inline_featured_image":false,"_joinchat":[]},"product_cat":[108],"product_tag":[104,105,106,107],"class_list":{"0":"post-1146","1":"product","2":"type-product","3":"status-publish","4":"has-post-thumbnail","6":"product_cat-equipo-contra-caidas","7":"product_tag-arnes-anti-caidas","8":"product_tag-arnes-de-3-argollas","9":"product_tag-arnes-de-3-puntos","10":"product_tag-arnes-de-seguridad","12":"first","13":"instock","14":"shipping-taxable","15":"product-type-simple"},"_links":{"self":[{"href":"https:\/\/slg.gt\/wp1\/wp-json\/wp\/v2\/product\/1146","targetHints":{"allow":["GET"]}}],"collection":[{"href":"https:\/\/slg.gt\/wp1\/wp-json\/wp\/v2\/product"}],"about":[{"href":"https:\/\/slg.gt\/wp1\/wp-json\/wp\/v2\/types\/product"}],"wp:featuredmedia":[{"embeddable":true,"href":"https:\/\/slg.gt\/wp1\/wp-json\/wp\/v2\/media\/6622"}],"wp:attachment":[{"href":"https:\/\/slg.gt\/wp1\/wp-json\/wp\/v2\/media?parent=1146"}],"wp:term":[{"taxonomy":"product_cat","embeddable":true,"href":"https:\/\/slg.gt\/wp1\/wp-json\/wp\/v2\/product_cat?post=1146"},{"taxonomy":"product_tag","embeddable":true,"href":"https:\/\/slg.gt\/wp1\/wp-json\/wp\/v2\/product_tag?post=1146"}],"curies":[{"name":"wp","href":"https:\/\/api.w.org\/{rel}","templated":true}]}}