{"id":1162,"date":"2020-12-22T18:30:06","date_gmt":"2020-12-23T00:30:06","guid":{"rendered":"https:\/\/slg.gt\/wp2\/producto\/import-placeholder-for-158\/"},"modified":"2025-11-20T11:51:20","modified_gmt":"2025-11-20T17:51:20","slug":"anteojo-aerodinamico-espejo","status":"publish","type":"product","link":"https:\/\/slg.gt\/wp1\/producto\/anteojo-aerodinamico-espejo\/","title":{"rendered":"Anteojo Aerodin\u00e1mico Espejo"},"content":{"rendered":"<p>Anteojo Aerodin\u00e1mico Espejo &#8211; C\u00f3digo AD-ESP<\/p>\n<ul>\n<li>Lentes espejo, resistentes a impactos, abrasivos y salpicaduras<\/li>\n<li>Especiales para refractar los rayos del sol<\/li>\n<li>Dise\u00f1o aerodin\u00e1mico con lente curvo<\/li>\n<li>Confeccionados en policarbonato<\/li>\n<li>Absorben 100% los rayos UV<\/li>\n<li>Cumple con la norma de seguirdad ANSI Z87, 1-1989<\/li>\n<\/ul>\n","protected":false},"excerpt":{"rendered":"<p>Anteojo Aerodin\u00e1mico Espejo &#8211; C\u00f3digo AD-ESP<\/p>\n","protected":false},"featured_media":6637,"template":"","meta":{"inline_featured_image":false,"_joinchat":[]},"product_cat":[95],"product_tag":[],"class_list":{"0":"post-1162","1":"product","2":"type-product","3":"status-publish","4":"has-post-thumbnail","6":"product_cat-anteojos","8":"first","9":"instock","10":"shipping-taxable","11":"product-type-simple"},"_links":{"self":[{"href":"https:\/\/slg.gt\/wp1\/wp-json\/wp\/v2\/product\/1162","targetHints":{"allow":["GET"]}}],"collection":[{"href":"https:\/\/slg.gt\/wp1\/wp-json\/wp\/v2\/product"}],"about":[{"href":"https:\/\/slg.gt\/wp1\/wp-json\/wp\/v2\/types\/product"}],"wp:featuredmedia":[{"embeddable":true,"href":"https:\/\/slg.gt\/wp1\/wp-json\/wp\/v2\/media\/6637"}],"wp:attachment":[{"href":"https:\/\/slg.gt\/wp1\/wp-json\/wp\/v2\/media?parent=1162"}],"wp:term":[{"taxonomy":"product_cat","embeddable":true,"href":"https:\/\/slg.gt\/wp1\/wp-json\/wp\/v2\/product_cat?post=1162"},{"taxonomy":"product_tag","embeddable":true,"href":"https:\/\/slg.gt\/wp1\/wp-json\/wp\/v2\/product_tag?post=1162"}],"curies":[{"name":"wp","href":"https:\/\/api.w.org\/{rel}","templated":true}]}}