{"id":1193,"date":"2020-12-22T18:30:29","date_gmt":"2020-12-23T00:30:29","guid":{"rendered":"https:\/\/slg.gt\/wp2\/producto\/import-placeholder-for-169\/"},"modified":"2025-12-09T09:14:19","modified_gmt":"2025-12-09T15:14:19","slug":"mascarilla-conica","status":"publish","type":"product","link":"https:\/\/slg.gt\/wp1\/producto\/mascarilla-conica\/","title":{"rendered":"Mascarilla C\u00f3nica"},"content":{"rendered":"<p>Mascarilla C\u00f3nica &#8211; C\u00f3digo M2-C<\/p>\n<ul>\n<li>Mascarilla C\u00f3nica desechable<\/li>\n<li>Con el\u00e1stico a la orejas<\/li>\n<li>Resistente a part\u00edculas y polvos no t\u00f3xicos a muy bajas concentraciones<\/li>\n<li>Con banda met\u00e1lica para ajustar a nariz<\/li>\n<li>Especial para procesos alimenticios<\/li>\n<li>Presentaci\u00f3n: Caja de 50 unidades<\/li>\n<\/ul>\n","protected":false},"excerpt":{"rendered":"<p>Mascarilla C\u00f3nica &#8211; C\u00f3digo M2-C<\/p>\n","protected":false},"featured_media":6638,"template":"","meta":{"inline_featured_image":false,"_joinchat":[]},"product_cat":[92],"product_tag":[],"class_list":{"0":"post-1193","1":"product","2":"type-product","3":"status-publish","4":"has-post-thumbnail","6":"product_cat-desechables","8":"first","9":"instock","10":"shipping-taxable","11":"product-type-simple"},"_links":{"self":[{"href":"https:\/\/slg.gt\/wp1\/wp-json\/wp\/v2\/product\/1193","targetHints":{"allow":["GET"]}}],"collection":[{"href":"https:\/\/slg.gt\/wp1\/wp-json\/wp\/v2\/product"}],"about":[{"href":"https:\/\/slg.gt\/wp1\/wp-json\/wp\/v2\/types\/product"}],"wp:featuredmedia":[{"embeddable":true,"href":"https:\/\/slg.gt\/wp1\/wp-json\/wp\/v2\/media\/6638"}],"wp:attachment":[{"href":"https:\/\/slg.gt\/wp1\/wp-json\/wp\/v2\/media?parent=1193"}],"wp:term":[{"taxonomy":"product_cat","embeddable":true,"href":"https:\/\/slg.gt\/wp1\/wp-json\/wp\/v2\/product_cat?post=1193"},{"taxonomy":"product_tag","embeddable":true,"href":"https:\/\/slg.gt\/wp1\/wp-json\/wp\/v2\/product_tag?post=1193"}],"curies":[{"name":"wp","href":"https:\/\/api.w.org\/{rel}","templated":true}]}}