{"id":1203,"date":"2020-12-22T18:30:32","date_gmt":"2020-12-23T00:30:32","guid":{"rendered":"https:\/\/slg.gt\/wp2\/producto\/import-placeholder-for-189\/"},"modified":"2025-11-20T11:51:21","modified_gmt":"2025-11-20T17:51:21","slug":"cinta-de-precaucion","status":"publish","type":"product","link":"https:\/\/slg.gt\/wp1\/producto\/cinta-de-precaucion\/","title":{"rendered":"Cinta de Precauci\u00f3n"},"content":{"rendered":"<p>Cinta de Precauci\u00f3n &#8211; C\u00f3digo 5-PREC<\/p>\n<ul>\n<li>Rollo de polietileno de 1000 pies por 3&#8243; de ancho<\/li>\n<li>Color amarilla con leyenda de PRECAUCION en letras negras<\/li>\n<\/ul>\n","protected":false},"excerpt":{"rendered":"<p>Cinta de Precauci\u00f3n &#8211; C\u00f3digo 5-PREC<\/p>\n","protected":false},"featured_media":6642,"template":"","meta":{"inline_featured_image":false,"_joinchat":[]},"product_cat":[109],"product_tag":[],"class_list":{"0":"post-1203","1":"product","2":"type-product","3":"status-publish","4":"has-post-thumbnail","6":"product_cat-delimitacion-de-areas","8":"first","9":"instock","10":"shipping-taxable","11":"product-type-simple"},"_links":{"self":[{"href":"https:\/\/slg.gt\/wp1\/wp-json\/wp\/v2\/product\/1203","targetHints":{"allow":["GET"]}}],"collection":[{"href":"https:\/\/slg.gt\/wp1\/wp-json\/wp\/v2\/product"}],"about":[{"href":"https:\/\/slg.gt\/wp1\/wp-json\/wp\/v2\/types\/product"}],"wp:featuredmedia":[{"embeddable":true,"href":"https:\/\/slg.gt\/wp1\/wp-json\/wp\/v2\/media\/6642"}],"wp:attachment":[{"href":"https:\/\/slg.gt\/wp1\/wp-json\/wp\/v2\/media?parent=1203"}],"wp:term":[{"taxonomy":"product_cat","embeddable":true,"href":"https:\/\/slg.gt\/wp1\/wp-json\/wp\/v2\/product_cat?post=1203"},{"taxonomy":"product_tag","embeddable":true,"href":"https:\/\/slg.gt\/wp1\/wp-json\/wp\/v2\/product_tag?post=1203"}],"curies":[{"name":"wp","href":"https:\/\/api.w.org\/{rel}","templated":true}]}}