{"id":1212,"date":"2020-12-23T00:30:33","date_gmt":"2020-12-23T06:30:33","guid":{"rendered":"https:\/\/slg.gt\/wp2\/producto\/import-placeholder-for-208\/"},"modified":"2025-11-20T11:51:25","modified_gmt":"2025-11-20T17:51:25","slug":"guantes-tejidos-con-puntos-pvc","status":"publish","type":"product","link":"https:\/\/slg.gt\/wp1\/producto\/guantes-tejidos-con-puntos-pvc\/","title":{"rendered":"Guantes Tejidos con puntos PVC"},"content":{"rendered":"<p><strong>Guantes Tejidos con puntos PVC &#8211; C\u00f3digo G4-PVC<\/strong><\/p>\n<ul>\n<li>Tejido en hilo de hebras de algod\u00f3n pigmentado con puntos de PVC, reversible y refuerzo en punta de los dedos, permitiendo mayor duraci\u00f3n.<\/li>\n<li>Aplicaciones en riesgos: mec\u00e1nicos moderados. Abrasi\u00f3n moderado, destreza manual, y manipulaci\u00f3n de objetos donde se requiera mayor agarre<\/li>\n<\/ul>\n","protected":false},"excerpt":{"rendered":"<p>Guantes Tejidos con puntos PVC &#8211; C\u00f3digo G4-PVC<\/p>\n","protected":false},"featured_media":6649,"template":"","meta":{"inline_featured_image":false,"_joinchat":[]},"product_cat":[96],"product_tag":[],"class_list":{"0":"post-1212","1":"product","2":"type-product","3":"status-publish","4":"has-post-thumbnail","6":"product_cat-guantes","8":"first","9":"instock","10":"shipping-taxable","11":"product-type-simple"},"_links":{"self":[{"href":"https:\/\/slg.gt\/wp1\/wp-json\/wp\/v2\/product\/1212","targetHints":{"allow":["GET"]}}],"collection":[{"href":"https:\/\/slg.gt\/wp1\/wp-json\/wp\/v2\/product"}],"about":[{"href":"https:\/\/slg.gt\/wp1\/wp-json\/wp\/v2\/types\/product"}],"wp:featuredmedia":[{"embeddable":true,"href":"https:\/\/slg.gt\/wp1\/wp-json\/wp\/v2\/media\/6649"}],"wp:attachment":[{"href":"https:\/\/slg.gt\/wp1\/wp-json\/wp\/v2\/media?parent=1212"}],"wp:term":[{"taxonomy":"product_cat","embeddable":true,"href":"https:\/\/slg.gt\/wp1\/wp-json\/wp\/v2\/product_cat?post=1212"},{"taxonomy":"product_tag","embeddable":true,"href":"https:\/\/slg.gt\/wp1\/wp-json\/wp\/v2\/product_tag?post=1212"}],"curies":[{"name":"wp","href":"https:\/\/api.w.org\/{rel}","templated":true}]}}