{"id":1242,"date":"2020-12-22T18:30:57","date_gmt":"2020-12-23T00:30:57","guid":{"rendered":"https:\/\/slg.gt\/wp2\/producto\/import-placeholder-for-232\/"},"modified":"2025-11-20T11:51:27","modified_gmt":"2025-11-20T17:51:27","slug":"3-barbiquejo-de-4-puntos","status":"publish","type":"product","link":"https:\/\/slg.gt\/wp1\/producto\/3-barbiquejo-de-4-puntos\/","title":{"rendered":"3. Barbiquejo de 4 Puntos"},"content":{"rendered":"<p><strong>Barbiquejo de 4 Puntos<\/strong><\/p>\n<ul>\n<li>Marca BSAFE<\/li>\n<li>Fabricado en poli\u00e9ster color blanco y negro.<\/li>\n<li>Cintas de 1 \u00bd\u201d de ancho<\/li>\n<li>Cierre\u00a0 por medio de clip pl\u00e1stico abajo del ment\u00f3n. Se ajusta a los cuatro puntos del arn\u00e9s o casquillo. Sistema para ajustar la altura de la cinta, que va bajo el ment\u00f3n.<\/li>\n<li>Ideal para trabajos en las alturas. Se adhiere perfectamente dando sujeci\u00f3n total al casco<\/li>\n<\/ul>\n","protected":false},"excerpt":{"rendered":"<p><strong>Barbiquejo de 4 Puntos<\/strong><\/p>\n","protected":false},"featured_media":6657,"template":"","meta":{"inline_featured_image":false,"_joinchat":[]},"product_cat":[97],"product_tag":[],"class_list":{"0":"post-1242","1":"product","2":"type-product","3":"status-publish","4":"has-post-thumbnail","6":"product_cat-cascos-y-accesorios","8":"first","9":"instock","10":"shipping-taxable","11":"product-type-simple"},"_links":{"self":[{"href":"https:\/\/slg.gt\/wp1\/wp-json\/wp\/v2\/product\/1242","targetHints":{"allow":["GET"]}}],"collection":[{"href":"https:\/\/slg.gt\/wp1\/wp-json\/wp\/v2\/product"}],"about":[{"href":"https:\/\/slg.gt\/wp1\/wp-json\/wp\/v2\/types\/product"}],"wp:featuredmedia":[{"embeddable":true,"href":"https:\/\/slg.gt\/wp1\/wp-json\/wp\/v2\/media\/6657"}],"wp:attachment":[{"href":"https:\/\/slg.gt\/wp1\/wp-json\/wp\/v2\/media?parent=1242"}],"wp:term":[{"taxonomy":"product_cat","embeddable":true,"href":"https:\/\/slg.gt\/wp1\/wp-json\/wp\/v2\/product_cat?post=1242"},{"taxonomy":"product_tag","embeddable":true,"href":"https:\/\/slg.gt\/wp1\/wp-json\/wp\/v2\/product_tag?post=1242"}],"curies":[{"name":"wp","href":"https:\/\/api.w.org\/{rel}","templated":true}]}}