{"id":1243,"date":"2020-12-22T18:30:58","date_gmt":"2020-12-23T00:30:58","guid":{"rendered":"https:\/\/slg.gt\/wp2\/producto\/import-placeholder-for-234\/"},"modified":"2025-11-20T11:51:27","modified_gmt":"2025-11-20T17:51:27","slug":"8-careta-negra-soldador","status":"publish","type":"product","link":"https:\/\/slg.gt\/wp1\/producto\/8-careta-negra-soldador\/","title":{"rendered":"8. Careta Negra Soldador"},"content":{"rendered":"<p><strong>Careta Negra Soldador<\/strong><\/p>\n<ul>\n<li>Pl\u00e1stica<\/li>\n<li>Fabricada en polietileno de alta densidad, ventana de inspecci\u00f3n rectangular. Protege los ojos y rostro del usuario contra quemadura por radiaci\u00f3n, chispas, salpicaduras y part\u00edculas de metal calientes presentes en las tareas de soldadura.<\/li>\n<li>Equipado con el filtro apropiado conforme recomendaci\u00f3n del est\u00e1ndar ANSY Z87.1. Se recomienda utilizar anteojos Z 87, bajo la mascara<\/li>\n<li>\u00c1reas de aplicaci\u00f3n: electr\u00f3nicas, automotriz, soldadura<\/li>\n<\/ul>\n","protected":false},"excerpt":{"rendered":"<p><strong>Careta Negra Soldador<\/strong><\/p>\n","protected":false},"featured_media":6658,"template":"","meta":{"inline_featured_image":false,"_joinchat":[]},"product_cat":[97],"product_tag":[],"class_list":{"0":"post-1243","1":"product","2":"type-product","3":"status-publish","4":"has-post-thumbnail","6":"product_cat-cascos-y-accesorios","8":"first","9":"instock","10":"shipping-taxable","11":"product-type-simple"},"_links":{"self":[{"href":"https:\/\/slg.gt\/wp1\/wp-json\/wp\/v2\/product\/1243","targetHints":{"allow":["GET"]}}],"collection":[{"href":"https:\/\/slg.gt\/wp1\/wp-json\/wp\/v2\/product"}],"about":[{"href":"https:\/\/slg.gt\/wp1\/wp-json\/wp\/v2\/types\/product"}],"wp:featuredmedia":[{"embeddable":true,"href":"https:\/\/slg.gt\/wp1\/wp-json\/wp\/v2\/media\/6658"}],"wp:attachment":[{"href":"https:\/\/slg.gt\/wp1\/wp-json\/wp\/v2\/media?parent=1243"}],"wp:term":[{"taxonomy":"product_cat","embeddable":true,"href":"https:\/\/slg.gt\/wp1\/wp-json\/wp\/v2\/product_cat?post=1243"},{"taxonomy":"product_tag","embeddable":true,"href":"https:\/\/slg.gt\/wp1\/wp-json\/wp\/v2\/product_tag?post=1243"}],"curies":[{"name":"wp","href":"https:\/\/api.w.org\/{rel}","templated":true}]}}