{"id":1248,"date":"2020-12-22T18:30:58","date_gmt":"2020-12-23T00:30:58","guid":{"rendered":"https:\/\/slg.gt\/wp2\/producto\/import-placeholder-for-247\/"},"modified":"2025-11-20T11:51:28","modified_gmt":"2025-11-20T17:51:28","slug":"anteojo-marca-titan-claro","status":"publish","type":"product","link":"https:\/\/slg.gt\/wp1\/producto\/anteojo-marca-titan-claro\/","title":{"rendered":"Anteojo Sargento"},"content":{"rendered":"<p><strong>Anteojo Sargento anti empa\u00f1o<\/strong><\/p>\n<ul>\n<li>Fabricado en 100% policarbonato, anti-empa\u00f1ante. marco negro.<\/li>\n<li>Disponible en color claro y oscuro<\/li>\n<li>Aplicaciones: automotriz, aviaci\u00f3n, construcci\u00f3n laboratorios, miner\u00eda, qu\u00edmica, maquiladora, alimentos, electr\u00f3nica, uso en general.<\/li>\n<li>Certificado Bajo la Norma ANSI Z.87<\/li>\n<\/ul>\n","protected":false},"excerpt":{"rendered":"<p><strong>Anteojo sargento anti empa\u00f1o<\/strong><\/p>\n","protected":false},"featured_media":6662,"template":"","meta":{"inline_featured_image":false,"_joinchat":[]},"product_cat":[95],"product_tag":[],"class_list":{"0":"post-1248","1":"product","2":"type-product","3":"status-publish","4":"has-post-thumbnail","6":"product_cat-anteojos","8":"first","9":"instock","10":"shipping-taxable","11":"product-type-simple"},"_links":{"self":[{"href":"https:\/\/slg.gt\/wp1\/wp-json\/wp\/v2\/product\/1248","targetHints":{"allow":["GET"]}}],"collection":[{"href":"https:\/\/slg.gt\/wp1\/wp-json\/wp\/v2\/product"}],"about":[{"href":"https:\/\/slg.gt\/wp1\/wp-json\/wp\/v2\/types\/product"}],"wp:featuredmedia":[{"embeddable":true,"href":"https:\/\/slg.gt\/wp1\/wp-json\/wp\/v2\/media\/6662"}],"wp:attachment":[{"href":"https:\/\/slg.gt\/wp1\/wp-json\/wp\/v2\/media?parent=1248"}],"wp:term":[{"taxonomy":"product_cat","embeddable":true,"href":"https:\/\/slg.gt\/wp1\/wp-json\/wp\/v2\/product_cat?post=1248"},{"taxonomy":"product_tag","embeddable":true,"href":"https:\/\/slg.gt\/wp1\/wp-json\/wp\/v2\/product_tag?post=1248"}],"curies":[{"name":"wp","href":"https:\/\/api.w.org\/{rel}","templated":true}]}}