{"id":1250,"date":"2020-12-22T18:30:59","date_gmt":"2020-12-23T00:30:59","guid":{"rendered":"https:\/\/slg.gt\/wp2\/producto\/import-placeholder-for-254\/"},"modified":"2025-11-27T09:58:26","modified_gmt":"2025-11-27T15:58:26","slug":"mascarilla-8511","status":"publish","type":"product","link":"https:\/\/slg.gt\/wp1\/producto\/mascarilla-8511\/","title":{"rendered":"Mascarilla 8511"},"content":{"rendered":"<p><strong>Mascarilla 8511<\/strong><\/p>\n<ul>\n<li>Respirador libre mantenimiento, para protecci\u00f3n contra polvo y neblinas, con v\u00e1lvula de exhalaci\u00f3n.<\/li>\n<li>Permite una eficiencia\u00a0 en filtraci\u00f3n mayor a 95%<\/li>\n<li>Fabricado en fibras de polipropileno, la nueva v\u00e1lvula de exhalaci\u00f3n, Aire Fresco, reduce el calor y humedad, lo que ofrece mayor comodidad durante largos per\u00edodos de uso.<\/li>\n<\/ul>\n","protected":false},"excerpt":{"rendered":"<p><strong>Mascarilla 8511<\/strong><\/p>\n","protected":false},"featured_media":6663,"template":"","meta":{"inline_featured_image":false,"_joinchat":[]},"product_cat":[113],"product_tag":[],"class_list":{"0":"post-1250","1":"product","2":"type-product","3":"status-publish","4":"has-post-thumbnail","6":"product_cat-mascarillas","8":"first","9":"instock","10":"shipping-taxable","11":"product-type-simple"},"_links":{"self":[{"href":"https:\/\/slg.gt\/wp1\/wp-json\/wp\/v2\/product\/1250","targetHints":{"allow":["GET"]}}],"collection":[{"href":"https:\/\/slg.gt\/wp1\/wp-json\/wp\/v2\/product"}],"about":[{"href":"https:\/\/slg.gt\/wp1\/wp-json\/wp\/v2\/types\/product"}],"wp:featuredmedia":[{"embeddable":true,"href":"https:\/\/slg.gt\/wp1\/wp-json\/wp\/v2\/media\/6663"}],"wp:attachment":[{"href":"https:\/\/slg.gt\/wp1\/wp-json\/wp\/v2\/media?parent=1250"}],"wp:term":[{"taxonomy":"product_cat","embeddable":true,"href":"https:\/\/slg.gt\/wp1\/wp-json\/wp\/v2\/product_cat?post=1250"},{"taxonomy":"product_tag","embeddable":true,"href":"https:\/\/slg.gt\/wp1\/wp-json\/wp\/v2\/product_tag?post=1250"}],"curies":[{"name":"wp","href":"https:\/\/api.w.org\/{rel}","templated":true}]}}