{"id":1251,"date":"2020-12-22T18:30:59","date_gmt":"2020-12-23T00:30:59","guid":{"rendered":"https:\/\/slg.gt\/wp2\/producto\/import-placeholder-for-257\/"},"modified":"2025-11-20T11:51:29","modified_gmt":"2025-11-20T17:51:29","slug":"mascarilla-de-carbon-activado-8247","status":"publish","type":"product","link":"https:\/\/slg.gt\/wp1\/producto\/mascarilla-de-carbon-activado-8247\/","title":{"rendered":"Mascarilla de Carb\u00f3n Activado 8247"},"content":{"rendered":"<p><strong>Mascarilla de Carb\u00f3n Activado 8247<\/strong><\/p>\n<ul>\n<li>Respirador contra part\u00edculas R95. Fabricado en fibras de polipropileno Capa de carb\u00f3n activado.<\/li>\n<li>La capa de carb\u00f3n activado est\u00e1 dise\u00f1ada para proteger contra niveles molestos* de vapores org\u00e1nicos.<\/li>\n<li>Usos y Aplicaciones Polvo Para procesos fundici\u00f3n, laboratorios, agricultura, petroqu\u00edmica, industria farmac\u00e9utica, carpinter\u00edas, f\u00e1bricas de calzado, petroqu\u00edmica, entre otros.<\/li>\n<\/ul>\n","protected":false},"excerpt":{"rendered":"<p><strong>Mascarilla de Carb\u00f3n Activado 8247<\/strong><\/p>\n<p>&nbsp;<\/p>\n","protected":false},"featured_media":6664,"template":"","meta":{"inline_featured_image":false,"_joinchat":[]},"product_cat":[113],"product_tag":[],"class_list":{"0":"post-1251","1":"product","2":"type-product","3":"status-publish","4":"has-post-thumbnail","6":"product_cat-mascarillas","8":"first","9":"instock","10":"shipping-taxable","11":"product-type-simple"},"_links":{"self":[{"href":"https:\/\/slg.gt\/wp1\/wp-json\/wp\/v2\/product\/1251","targetHints":{"allow":["GET"]}}],"collection":[{"href":"https:\/\/slg.gt\/wp1\/wp-json\/wp\/v2\/product"}],"about":[{"href":"https:\/\/slg.gt\/wp1\/wp-json\/wp\/v2\/types\/product"}],"wp:featuredmedia":[{"embeddable":true,"href":"https:\/\/slg.gt\/wp1\/wp-json\/wp\/v2\/media\/6664"}],"wp:attachment":[{"href":"https:\/\/slg.gt\/wp1\/wp-json\/wp\/v2\/media?parent=1251"}],"wp:term":[{"taxonomy":"product_cat","embeddable":true,"href":"https:\/\/slg.gt\/wp1\/wp-json\/wp\/v2\/product_cat?post=1251"},{"taxonomy":"product_tag","embeddable":true,"href":"https:\/\/slg.gt\/wp1\/wp-json\/wp\/v2\/product_tag?post=1251"}],"curies":[{"name":"wp","href":"https:\/\/api.w.org\/{rel}","templated":true}]}}