{"id":1253,"date":"2020-12-22T18:30:59","date_gmt":"2020-12-23T00:30:59","guid":{"rendered":"https:\/\/slg.gt\/wp2\/producto\/import-placeholder-for-260\/"},"modified":"2025-11-27T09:58:21","modified_gmt":"2025-11-27T15:58:21","slug":"respirador-media-cara-3m-6200","status":"publish","type":"product","link":"https:\/\/slg.gt\/wp1\/producto\/respirador-media-cara-3m-6200\/","title":{"rendered":"Respirador Media Cara 3M 6200"},"content":{"rendered":"<p><strong>Respirador Media Cara 3M 6200<\/strong><\/p>\n<p>Pieza facial elaborada en material el\u00e1stom\u00e9rico de doble cartucho ofrece la posibilidad de usar filtros y cartuchos remplazables para protecci\u00f3n contra ciertos gases, vapores y material particulado como polvo, neblina y humos.<\/p>\n<p>Repuestos intercambiables<\/p>\n<p>Uso en industria: minera, cementera, farmac\u00e9utica, agroqu\u00edmica, de madera, metalmec\u00e1nica, petroqu\u00edmica y qu\u00edmica, alimenticia, transporte, agricultura entre otros.<\/p>\n","protected":false},"excerpt":{"rendered":"<p><strong>Respirador Media Cara 3M 6200<\/strong><\/p>\n","protected":false},"featured_media":6666,"template":"","meta":{"inline_featured_image":false,"_joinchat":[]},"product_cat":[113],"product_tag":[],"class_list":{"0":"post-1253","1":"product","2":"type-product","3":"status-publish","4":"has-post-thumbnail","6":"product_cat-mascarillas","8":"first","9":"instock","10":"shipping-taxable","11":"product-type-simple"},"_links":{"self":[{"href":"https:\/\/slg.gt\/wp1\/wp-json\/wp\/v2\/product\/1253","targetHints":{"allow":["GET"]}}],"collection":[{"href":"https:\/\/slg.gt\/wp1\/wp-json\/wp\/v2\/product"}],"about":[{"href":"https:\/\/slg.gt\/wp1\/wp-json\/wp\/v2\/types\/product"}],"wp:featuredmedia":[{"embeddable":true,"href":"https:\/\/slg.gt\/wp1\/wp-json\/wp\/v2\/media\/6666"}],"wp:attachment":[{"href":"https:\/\/slg.gt\/wp1\/wp-json\/wp\/v2\/media?parent=1253"}],"wp:term":[{"taxonomy":"product_cat","embeddable":true,"href":"https:\/\/slg.gt\/wp1\/wp-json\/wp\/v2\/product_cat?post=1253"},{"taxonomy":"product_tag","embeddable":true,"href":"https:\/\/slg.gt\/wp1\/wp-json\/wp\/v2\/product_tag?post=1253"}],"curies":[{"name":"wp","href":"https:\/\/api.w.org\/{rel}","templated":true}]}}