{"id":1255,"date":"2020-12-22T18:31:00","date_gmt":"2020-12-23T00:31:00","guid":{"rendered":"https:\/\/slg.gt\/wp2\/producto\/import-placeholder-for-268\/"},"modified":"2025-11-20T11:51:29","modified_gmt":"2025-11-20T17:51:29","slug":"guante-de-cuero-y-lona-con-refuerzo","status":"publish","type":"product","link":"https:\/\/slg.gt\/wp1\/producto\/guante-de-cuero-y-lona-con-refuerzo\/","title":{"rendered":"Guante de Cuero y Lona Con Refuerzo"},"content":{"rendered":"<p><strong>Guante de Cuero y Lona Con Refuerzo<\/strong><\/p>\n<ul>\n<li>Resistencia a la abrasi\u00f3n como construcci\u00f3n fabricaci\u00f3n, jardiner\u00eda, mantenimiento, metalurgia y miner\u00eda.<\/li>\n<li>Carnaza de cuero y lona, grosor: 1.4mm, largo: 25cm, peso de cada guante: 90g, costuras de nylon, forro interior de tela, pu\u00f1o de seguridad de 2.5\u201d<\/li>\n<li>El refuerzo va en la palma de la mano.<\/li>\n<\/ul>\n","protected":false},"excerpt":{"rendered":"<p><strong>Guante de Cuero y Lona Con Refuerzo<\/strong><\/p>\n","protected":false},"featured_media":6668,"template":"","meta":{"inline_featured_image":false,"_joinchat":[]},"product_cat":[96],"product_tag":[],"class_list":{"0":"post-1255","1":"product","2":"type-product","3":"status-publish","4":"has-post-thumbnail","6":"product_cat-guantes","8":"first","9":"instock","10":"shipping-taxable","11":"product-type-simple"},"_links":{"self":[{"href":"https:\/\/slg.gt\/wp1\/wp-json\/wp\/v2\/product\/1255","targetHints":{"allow":["GET"]}}],"collection":[{"href":"https:\/\/slg.gt\/wp1\/wp-json\/wp\/v2\/product"}],"about":[{"href":"https:\/\/slg.gt\/wp1\/wp-json\/wp\/v2\/types\/product"}],"wp:featuredmedia":[{"embeddable":true,"href":"https:\/\/slg.gt\/wp1\/wp-json\/wp\/v2\/media\/6668"}],"wp:attachment":[{"href":"https:\/\/slg.gt\/wp1\/wp-json\/wp\/v2\/media?parent=1255"}],"wp:term":[{"taxonomy":"product_cat","embeddable":true,"href":"https:\/\/slg.gt\/wp1\/wp-json\/wp\/v2\/product_cat?post=1255"},{"taxonomy":"product_tag","embeddable":true,"href":"https:\/\/slg.gt\/wp1\/wp-json\/wp\/v2\/product_tag?post=1255"}],"curies":[{"name":"wp","href":"https:\/\/api.w.org\/{rel}","templated":true}]}}