{"id":1259,"date":"2020-12-22T18:31:00","date_gmt":"2020-12-23T00:31:00","guid":{"rendered":"https:\/\/slg.gt\/wp2\/producto\/import-placeholder-for-278\/"},"modified":"2025-11-20T11:51:30","modified_gmt":"2025-11-20T17:51:30","slug":"guante-chen-master","status":"publish","type":"product","link":"https:\/\/slg.gt\/wp1\/producto\/guante-chen-master\/","title":{"rendered":"Guante Chen Master"},"content":{"rendered":"<p><strong>Guante Chen Master<\/strong><\/p>\n<ul>\n<li>Se recomienda por ser un gante de l\u00e1tex con refuerzo exterior de neopreno, lo cual ofrece una resistencia adecuada contra \u00e1cidos, alcoholes, grasas, aceites, sustancias c\u00e1usticas, cetonas, detergentes, disolventes con base de petr\u00f3leo y grasas de animales; as\u00ed como una excelente resistencia contra la abrasi\u00f3n, desgarres y perforaciones.<\/li>\n<li>Tallas: 7, 8, 9.<\/li>\n<\/ul>\n","protected":false},"excerpt":{"rendered":"<p><strong>Guante Chen Master<\/strong><\/p>\n","protected":false},"featured_media":6671,"template":"","meta":{"inline_featured_image":false,"_joinchat":[]},"product_cat":[96],"product_tag":[],"class_list":{"0":"post-1259","1":"product","2":"type-product","3":"status-publish","4":"has-post-thumbnail","6":"product_cat-guantes","8":"first","9":"instock","10":"shipping-taxable","11":"product-type-simple"},"_links":{"self":[{"href":"https:\/\/slg.gt\/wp1\/wp-json\/wp\/v2\/product\/1259","targetHints":{"allow":["GET"]}}],"collection":[{"href":"https:\/\/slg.gt\/wp1\/wp-json\/wp\/v2\/product"}],"about":[{"href":"https:\/\/slg.gt\/wp1\/wp-json\/wp\/v2\/types\/product"}],"wp:featuredmedia":[{"embeddable":true,"href":"https:\/\/slg.gt\/wp1\/wp-json\/wp\/v2\/media\/6671"}],"wp:attachment":[{"href":"https:\/\/slg.gt\/wp1\/wp-json\/wp\/v2\/media?parent=1259"}],"wp:term":[{"taxonomy":"product_cat","embeddable":true,"href":"https:\/\/slg.gt\/wp1\/wp-json\/wp\/v2\/product_cat?post=1259"},{"taxonomy":"product_tag","embeddable":true,"href":"https:\/\/slg.gt\/wp1\/wp-json\/wp\/v2\/product_tag?post=1259"}],"curies":[{"name":"wp","href":"https:\/\/api.w.org\/{rel}","templated":true}]}}