{"id":1285,"date":"2020-12-22T18:31:23","date_gmt":"2020-12-23T00:31:23","guid":{"rendered":"https:\/\/slg.gt\/wp2\/producto\/import-placeholder-for-287\/"},"modified":"2025-11-20T11:51:31","modified_gmt":"2025-11-20T17:51:31","slug":"tapon-con-cordon-y-cajita-reusable","status":"publish","type":"product","link":"https:\/\/slg.gt\/wp1\/producto\/tapon-con-cordon-y-cajita-reusable\/","title":{"rendered":"Tap\u00f3n con cord\u00f3n y cajita reusable"},"content":{"rendered":"<p><strong>Tap\u00f3n con cord\u00f3n y cajita reusable<\/strong><\/p>\n<ul>\n<li>Tap\u00f3n auditivo con cord\u00f3n y cajita para resguardo del mismo,<\/li>\n<li>FABRICADO con materiales hipoalerg\u00e9nico, elast\u00f3mero, termopl\u00e1stico y con cord\u00f3n de poli\u00e9ster de formulaci\u00f3n m\u00e1s suave, brinda una efectiva higiene y protecci\u00f3n a los trabajadores que se desempe\u00f1an en \u00e1reas donde los niveles de ruidos superan los 85 db(A) por d\u00eda.<\/li>\n<\/ul>\n","protected":false},"excerpt":{"rendered":"<p>Tap\u00f3n con cord\u00f3n y cajita reusable<\/p>\n","protected":false},"featured_media":6673,"template":"","meta":{"inline_featured_image":false,"_joinchat":[]},"product_cat":[114],"product_tag":[],"class_list":{"0":"post-1285","1":"product","2":"type-product","3":"status-publish","4":"has-post-thumbnail","6":"product_cat-proteccion-auditiva","8":"first","9":"instock","10":"shipping-taxable","11":"product-type-simple"},"_links":{"self":[{"href":"https:\/\/slg.gt\/wp1\/wp-json\/wp\/v2\/product\/1285","targetHints":{"allow":["GET"]}}],"collection":[{"href":"https:\/\/slg.gt\/wp1\/wp-json\/wp\/v2\/product"}],"about":[{"href":"https:\/\/slg.gt\/wp1\/wp-json\/wp\/v2\/types\/product"}],"wp:featuredmedia":[{"embeddable":true,"href":"https:\/\/slg.gt\/wp1\/wp-json\/wp\/v2\/media\/6673"}],"wp:attachment":[{"href":"https:\/\/slg.gt\/wp1\/wp-json\/wp\/v2\/media?parent=1285"}],"wp:term":[{"taxonomy":"product_cat","embeddable":true,"href":"https:\/\/slg.gt\/wp1\/wp-json\/wp\/v2\/product_cat?post=1285"},{"taxonomy":"product_tag","embeddable":true,"href":"https:\/\/slg.gt\/wp1\/wp-json\/wp\/v2\/product_tag?post=1285"}],"curies":[{"name":"wp","href":"https:\/\/api.w.org\/{rel}","templated":true}]}}