{"id":1299,"date":"2020-12-22T18:31:26","date_gmt":"2020-12-23T00:31:26","guid":{"rendered":"https:\/\/slg.gt\/wp2\/producto\/import-placeholder-for-323\/"},"modified":"2025-11-27T09:58:08","modified_gmt":"2025-11-27T15:58:08","slug":"filtros-3m","status":"publish","type":"product","link":"https:\/\/slg.gt\/wp1\/producto\/filtros-3m\/","title":{"rendered":"Filtros 3M"},"content":{"rendered":"<p><strong>Filtros 3M<\/strong><\/p>\n<ul>\n<li>Protecci\u00f3n contra part\u00edculas con certificaci\u00f3n P100<\/li>\n<li>Aprobado para protecci\u00f3n respiratoria contra part\u00edculas de sustancias, espec\u00edficamente reguladas por OSHA<\/li>\n<\/ul>\n","protected":false},"excerpt":{"rendered":"<p><strong>Filtros 3M<\/strong><\/p>\n","protected":false},"featured_media":6683,"template":"","meta":{"inline_featured_image":false,"_joinchat":[]},"product_cat":[113],"product_tag":[],"class_list":{"0":"post-1299","1":"product","2":"type-product","3":"status-publish","4":"has-post-thumbnail","6":"product_cat-mascarillas","8":"first","9":"instock","10":"shipping-taxable","11":"product-type-simple"},"_links":{"self":[{"href":"https:\/\/slg.gt\/wp1\/wp-json\/wp\/v2\/product\/1299","targetHints":{"allow":["GET"]}}],"collection":[{"href":"https:\/\/slg.gt\/wp1\/wp-json\/wp\/v2\/product"}],"about":[{"href":"https:\/\/slg.gt\/wp1\/wp-json\/wp\/v2\/types\/product"}],"wp:featuredmedia":[{"embeddable":true,"href":"https:\/\/slg.gt\/wp1\/wp-json\/wp\/v2\/media\/6683"}],"wp:attachment":[{"href":"https:\/\/slg.gt\/wp1\/wp-json\/wp\/v2\/media?parent=1299"}],"wp:term":[{"taxonomy":"product_cat","embeddable":true,"href":"https:\/\/slg.gt\/wp1\/wp-json\/wp\/v2\/product_cat?post=1299"},{"taxonomy":"product_tag","embeddable":true,"href":"https:\/\/slg.gt\/wp1\/wp-json\/wp\/v2\/product_tag?post=1299"}],"curies":[{"name":"wp","href":"https:\/\/api.w.org\/{rel}","templated":true}]}}