{"id":1300,"date":"2020-12-22T18:31:26","date_gmt":"2020-12-23T00:31:26","guid":{"rendered":"https:\/\/slg.gt\/wp2\/producto\/import-placeholder-for-325\/"},"modified":"2025-11-27T09:58:02","modified_gmt":"2025-11-27T15:58:02","slug":"filtro-2091-p100-para-particulas","status":"publish","type":"product","link":"https:\/\/slg.gt\/wp1\/producto\/filtro-2091-p100-para-particulas\/","title":{"rendered":"Filtro 2091 P100 para part\u00edculas"},"content":{"rendered":"<p><strong>Filtro 2091 P100 para part\u00edculas<\/strong><\/p>\n<ul>\n<li>Aplicaciones: exposici\u00f3n a part\u00edculas reguladas por OSHA, reducci\u00f3n de plomo, cadmio, ars\u00e9nico, industrias farmac\u00e9utico.<\/li>\n<\/ul>\n","protected":false},"excerpt":{"rendered":"<p><strong>Filtro 2091 P100 para part\u00edculas<\/strong><\/p>\n","protected":false},"featured_media":6684,"template":"","meta":{"inline_featured_image":false,"_joinchat":[]},"product_cat":[113],"product_tag":[],"class_list":{"0":"post-1300","1":"product","2":"type-product","3":"status-publish","4":"has-post-thumbnail","6":"product_cat-mascarillas","8":"first","9":"instock","10":"shipping-taxable","11":"product-type-simple"},"_links":{"self":[{"href":"https:\/\/slg.gt\/wp1\/wp-json\/wp\/v2\/product\/1300","targetHints":{"allow":["GET"]}}],"collection":[{"href":"https:\/\/slg.gt\/wp1\/wp-json\/wp\/v2\/product"}],"about":[{"href":"https:\/\/slg.gt\/wp1\/wp-json\/wp\/v2\/types\/product"}],"wp:featuredmedia":[{"embeddable":true,"href":"https:\/\/slg.gt\/wp1\/wp-json\/wp\/v2\/media\/6684"}],"wp:attachment":[{"href":"https:\/\/slg.gt\/wp1\/wp-json\/wp\/v2\/media?parent=1300"}],"wp:term":[{"taxonomy":"product_cat","embeddable":true,"href":"https:\/\/slg.gt\/wp1\/wp-json\/wp\/v2\/product_cat?post=1300"},{"taxonomy":"product_tag","embeddable":true,"href":"https:\/\/slg.gt\/wp1\/wp-json\/wp\/v2\/product_tag?post=1300"}],"curies":[{"name":"wp","href":"https:\/\/api.w.org\/{rel}","templated":true}]}}