{"id":1301,"date":"2020-12-22T18:31:26","date_gmt":"2020-12-23T00:31:26","guid":{"rendered":"https:\/\/slg.gt\/wp2\/producto\/import-placeholder-for-326\/"},"modified":"2025-11-27T09:57:55","modified_gmt":"2025-11-27T15:57:55","slug":"filtro-2097-p100-para-particulas-y-vapores-organicos","status":"publish","type":"product","link":"https:\/\/slg.gt\/wp1\/producto\/filtro-2097-p100-para-particulas-y-vapores-organicos\/","title":{"rendered":"Filtro 2097 P100 para part\u00edculas y vapores org\u00e1nicos"},"content":{"rendered":"<p><strong>Filtro 2097 P100 para part\u00edculas y vapores org\u00e1nicos<\/strong><\/p>\n<ul>\n<li>Recomendado para la protecci\u00f3n contra niveles molestos de vapores org\u00e1nicos, recomendado por 3M para concentraciones no mayores a 10 veces el TLV de Ozono.<\/li>\n<li>Aplicaciones: mismas que resiste el c\u00f3digo 2091 m\u00e1s industria farmac\u00e9utica, soldadura el\u00e9ctrica, procesos qu\u00edmicos y revestimientos (base asf\u00e1ltica)<\/li>\n<\/ul>\n","protected":false},"excerpt":{"rendered":"<p><strong>Filtro 2097 P100 para part\u00edculas y vapores org\u00e1nicos<\/strong><\/p>\n","protected":false},"featured_media":6685,"template":"","meta":{"inline_featured_image":false,"_joinchat":[]},"product_cat":[113],"product_tag":[],"class_list":{"0":"post-1301","1":"product","2":"type-product","3":"status-publish","4":"has-post-thumbnail","6":"product_cat-mascarillas","8":"first","9":"instock","10":"shipping-taxable","11":"product-type-simple"},"_links":{"self":[{"href":"https:\/\/slg.gt\/wp1\/wp-json\/wp\/v2\/product\/1301","targetHints":{"allow":["GET"]}}],"collection":[{"href":"https:\/\/slg.gt\/wp1\/wp-json\/wp\/v2\/product"}],"about":[{"href":"https:\/\/slg.gt\/wp1\/wp-json\/wp\/v2\/types\/product"}],"wp:featuredmedia":[{"embeddable":true,"href":"https:\/\/slg.gt\/wp1\/wp-json\/wp\/v2\/media\/6685"}],"wp:attachment":[{"href":"https:\/\/slg.gt\/wp1\/wp-json\/wp\/v2\/media?parent=1301"}],"wp:term":[{"taxonomy":"product_cat","embeddable":true,"href":"https:\/\/slg.gt\/wp1\/wp-json\/wp\/v2\/product_cat?post=1301"},{"taxonomy":"product_tag","embeddable":true,"href":"https:\/\/slg.gt\/wp1\/wp-json\/wp\/v2\/product_tag?post=1301"}],"curies":[{"name":"wp","href":"https:\/\/api.w.org\/{rel}","templated":true}]}}