{"id":1302,"date":"2020-12-22T18:31:26","date_gmt":"2020-12-23T00:31:26","guid":{"rendered":"https:\/\/slg.gt\/wp2\/producto\/import-placeholder-for-329\/"},"modified":"2025-11-27T09:57:47","modified_gmt":"2025-11-27T15:57:47","slug":"filtros-cartuchos","status":"publish","type":"product","link":"https:\/\/slg.gt\/wp1\/producto\/filtros-cartuchos\/","title":{"rendered":"Filtros-Cartuchos"},"content":{"rendered":"<p><strong>Filtros-Cartuchos<\/strong><\/p>\n<ul>\n<li>Cartucho de carb\u00f3n activado l\u00ednea 6000<\/li>\n<li>Referencias 6001, 6003, 6006<\/li>\n<li>Cartuchos cambiables con carb\u00f3n activado, aprobados por NIOSH, que ofrecen protecci\u00f3n contra contaminantes, como vapores org\u00e1nicos, gases \u00e1cidos, amoniaco, metilamina, mercurio.<\/li>\n<li>Vers\u00e1tiles, se pueden utilizar en piezas faciales media cara y full face, de las l\u00edneas 6000 y 7000<\/li>\n<li>Intercambiable, cuando el usuario comienza a sentir el olor del solvente o qu\u00edmico contaminante que est\u00e9 utilizando.<\/li>\n<\/ul>\n","protected":false},"excerpt":{"rendered":"<p><strong>Filtros-Cartuchos<\/strong><\/p>\n","protected":false},"featured_media":6686,"template":"","meta":{"inline_featured_image":false,"_joinchat":[]},"product_cat":[113],"product_tag":[],"class_list":{"0":"post-1302","1":"product","2":"type-product","3":"status-publish","4":"has-post-thumbnail","6":"product_cat-mascarillas","8":"first","9":"instock","10":"shipping-taxable","11":"product-type-simple"},"_links":{"self":[{"href":"https:\/\/slg.gt\/wp1\/wp-json\/wp\/v2\/product\/1302","targetHints":{"allow":["GET"]}}],"collection":[{"href":"https:\/\/slg.gt\/wp1\/wp-json\/wp\/v2\/product"}],"about":[{"href":"https:\/\/slg.gt\/wp1\/wp-json\/wp\/v2\/types\/product"}],"wp:featuredmedia":[{"embeddable":true,"href":"https:\/\/slg.gt\/wp1\/wp-json\/wp\/v2\/media\/6686"}],"wp:attachment":[{"href":"https:\/\/slg.gt\/wp1\/wp-json\/wp\/v2\/media?parent=1302"}],"wp:term":[{"taxonomy":"product_cat","embeddable":true,"href":"https:\/\/slg.gt\/wp1\/wp-json\/wp\/v2\/product_cat?post=1302"},{"taxonomy":"product_tag","embeddable":true,"href":"https:\/\/slg.gt\/wp1\/wp-json\/wp\/v2\/product_tag?post=1302"}],"curies":[{"name":"wp","href":"https:\/\/api.w.org\/{rel}","templated":true}]}}