{"id":1710,"date":"2022-08-15T17:55:20","date_gmt":"2022-08-15T23:55:20","guid":{"rendered":"https:\/\/slg.gt\/?post_type=product&#038;p=1710"},"modified":"2025-11-20T11:51:45","modified_gmt":"2025-11-20T17:51:45","slug":"guante-piel-de-cerdo","status":"publish","type":"product","link":"https:\/\/slg.gt\/wp1\/producto\/guante-piel-de-cerdo\/","title":{"rendered":"GUANTE PIEL DE CERDO"},"content":{"rendered":"<p>NOMBRE DEL PRODUCTO: GUANTE ARGONERO DE PIEL DE CERDO CON ELASTICOCOLOR: AMARILLO<br \/>\nCODIGO DEL PRODUCTO: GACH<br \/>\nPESO EN GRAMOS POR PAR: 68 GRAMOS (+ &#8211; 5 GR)<br \/>\nTALLA :UNITALLA<br \/>\nDIMENSIONES PU\u00d1O AL DEDO \u00cdNDICE: APROX. 24 CENTIMETROS, ANCHO: 12 CENTIMETROS<br \/>\nMATERIAL :100% PIEL DE CERDO<br \/>\nINFORMACION DESCRIPTIVA: GUANTE ARGONERO EN FLOR DE PIEL DE CERDO SUAVE,<br \/>\nCOLOR :AMARILLO CON EL\u00c1STICO EN EL PU\u00d1O, C\u00d3MODO Y CONFORTABLE.<\/p>\n<p>USO IDEAL: MANIPULACI\u00d3N DE ACERO, MAQUINARIA DE CONSTRUCCI\u00d3N Y MAQUINARIA DE ELETRICIDAD<\/p>\n<p>PAIS DE ORIGEN: MEXICO<br \/>\nCLASIFICACION ARANCELARIA: 4203.29.08.00<\/p>\n","protected":false},"excerpt":{"rendered":"<p>NOMBRE DEL PRODUCTO: GUANTE ARGONERO DE PIEL DE CERDO CON ELASTICOCOLOR: AMARILLO CODIGO DEL PRODUCTO: GACH PESO EN GRAMOS POR PAR: 68 GRAMOS (+ &#8211; 5 GR) TALLA :UNITALLA DIMENSIONES PU\u00d1O AL DEDO \u00cdNDICE: APROX. 24 CENTIMETROS, ANCHO: 12 CENTIMETROS MATERIAL :100% PIEL DE CERDO INFORMACION DESCRIPTIVA: GUANTE ARGONERO EN FLOR DE PIEL DE CERDO [&hellip;]<\/p>\n","protected":false},"featured_media":6716,"template":"","meta":{"inline_featured_image":false,"_joinchat":[]},"product_cat":[96],"product_tag":[],"class_list":{"0":"post-1710","1":"product","2":"type-product","3":"status-publish","4":"has-post-thumbnail","6":"product_cat-guantes","8":"first","9":"instock","10":"shipping-taxable","11":"product-type-simple"},"_links":{"self":[{"href":"https:\/\/slg.gt\/wp1\/wp-json\/wp\/v2\/product\/1710","targetHints":{"allow":["GET"]}}],"collection":[{"href":"https:\/\/slg.gt\/wp1\/wp-json\/wp\/v2\/product"}],"about":[{"href":"https:\/\/slg.gt\/wp1\/wp-json\/wp\/v2\/types\/product"}],"wp:featuredmedia":[{"embeddable":true,"href":"https:\/\/slg.gt\/wp1\/wp-json\/wp\/v2\/media\/6716"}],"wp:attachment":[{"href":"https:\/\/slg.gt\/wp1\/wp-json\/wp\/v2\/media?parent=1710"}],"wp:term":[{"taxonomy":"product_cat","embeddable":true,"href":"https:\/\/slg.gt\/wp1\/wp-json\/wp\/v2\/product_cat?post=1710"},{"taxonomy":"product_tag","embeddable":true,"href":"https:\/\/slg.gt\/wp1\/wp-json\/wp\/v2\/product_tag?post=1710"}],"curies":[{"name":"wp","href":"https:\/\/api.w.org\/{rel}","templated":true}]}}