{"id":1717,"date":"2022-08-19T08:14:37","date_gmt":"2022-08-19T14:14:37","guid":{"rendered":"https:\/\/slg.gt\/?post_type=product&#038;p=1717"},"modified":"2025-11-20T11:51:48","modified_gmt":"2025-11-20T17:51:48","slug":"cascos-bsafe","status":"publish","type":"product","link":"https:\/\/slg.gt\/wp1\/producto\/cascos-bsafe\/","title":{"rendered":"Cascos BSAFE"},"content":{"rendered":"<ul>\n<li style=\"font-weight: 400;\">Casco con dise\u00f1o V en la parte superior (V-GARD). Fabricado en policarbonato de alta resistencia.<\/li>\n<li style=\"font-weight: 400;\">\u2022 Sistema de ajuste por medio de ratchet o perilla: Mantiene el casco en su lugar a\u00fan cuando el usuario inclina la cabeza. M\u00e1s seguro que el sistema de pines, porque permite dar un ajuste preciso al di\u00e1metro de la cabeza del usuario.<\/li>\n<li style=\"font-weight: 400;\">\u2022 Arn\u00e9s o casquillo en forma de cruz: Formado por tiras de nylon, posicionada como cruz con cuatro puntos de apoyo para absorber mejor el impacto. El arn\u00e9s o casquillo es muy liviano y fresco.<\/li>\n<li style=\"font-weight: 400;\">\u2022 2 \u201centre la parte superior del casco y el casquillo o arn\u00e9s. Esta distancia da mayor protecci\u00f3n a la hora de un impacto.<\/li>\n<li style=\"font-weight: 400;\">\u2022 Sudadera de vinilo: duradera, f\u00e1cil de limpiar, impide la acumulaci\u00f3n de bacterias en la parte frontal del casco.<\/li>\n<\/ul>\n<ul>\n<li style=\"font-weight: 400;\">Certificaci\u00f3n ANSI Z89.1.2014<\/li>\n<li style=\"font-weight: 400;\">\u2022 IRAM 3620 (Casco Tipo I) Dise\u00f1ado para proteger al operario de golpes verticales, no horizontales.<\/li>\n<li style=\"font-weight: 400;\">\u2022 Clase B: (C.A.8318), resistente a 13200 voltios.<\/li>\n<li style=\"font-weight: 400;\">\u2022 Clase A: (C.A.8304): Casco preparado contra conductores de bajo voltaje (Pruebas a 2,200 voltios).<\/li>\n<li style=\"font-weight: 400;\">\u2022 Clase E: Casco preparado contra conductores de alto voltaje (20,000 \u2013 30,000 voltios).<\/li>\n<li style=\"font-weight: 400;\">\u2022 Link de video de prueba de llamas al casco<\/li>\n<\/ul>\n","protected":false},"excerpt":{"rendered":"<p>Casco con dise\u00f1o V en la parte superior (V-GARD). Fabricado en policarbonato de alta resistencia. \u2022 Sistema de ajuste por medio de ratchet o perilla: Mantiene el casco en su lugar a\u00fan cuando el usuario inclina la cabeza. M\u00e1s seguro que el sistema de pines, porque permite dar un ajuste preciso al di\u00e1metro de la [&hellip;]<\/p>\n","protected":false},"featured_media":6719,"template":"","meta":{"inline_featured_image":false,"_joinchat":[]},"product_cat":[97],"product_tag":[],"class_list":{"0":"post-1717","1":"product","2":"type-product","3":"status-publish","4":"has-post-thumbnail","6":"product_cat-cascos-y-accesorios","8":"first","9":"instock","10":"shipping-taxable","11":"product-type-simple"},"_links":{"self":[{"href":"https:\/\/slg.gt\/wp1\/wp-json\/wp\/v2\/product\/1717","targetHints":{"allow":["GET"]}}],"collection":[{"href":"https:\/\/slg.gt\/wp1\/wp-json\/wp\/v2\/product"}],"about":[{"href":"https:\/\/slg.gt\/wp1\/wp-json\/wp\/v2\/types\/product"}],"wp:featuredmedia":[{"embeddable":true,"href":"https:\/\/slg.gt\/wp1\/wp-json\/wp\/v2\/media\/6719"}],"wp:attachment":[{"href":"https:\/\/slg.gt\/wp1\/wp-json\/wp\/v2\/media?parent=1717"}],"wp:term":[{"taxonomy":"product_cat","embeddable":true,"href":"https:\/\/slg.gt\/wp1\/wp-json\/wp\/v2\/product_cat?post=1717"},{"taxonomy":"product_tag","embeddable":true,"href":"https:\/\/slg.gt\/wp1\/wp-json\/wp\/v2\/product_tag?post=1717"}],"curies":[{"name":"wp","href":"https:\/\/api.w.org\/{rel}","templated":true}]}}