{"id":1850,"date":"2024-10-27T13:33:17","date_gmt":"2024-10-27T19:33:17","guid":{"rendered":"https:\/\/slg.gt\/?post_type=product&#038;p=1850"},"modified":"2025-11-20T11:51:52","modified_gmt":"2025-11-20T17:51:52","slug":"respirador-de-medio-rostro-ergonic","status":"publish","type":"product","link":"https:\/\/slg.gt\/wp1\/producto\/respirador-de-medio-rostro-ergonic\/","title":{"rendered":"Respirador de medio rostro ERGONIC"},"content":{"rendered":"<p>M\u00e1scara de medio rostro ERGONIC<\/p>\n<p>Respirador Serie 100 de medio rostro de 2 v\u00edas.<\/p>\n<p>Posee resistentes conectores tipo bayoneta para filtros.<\/p>\n<p>Su dise\u00f1o ergon\u00f3mico proporciona un \u00f3ptimo campo de visi\u00f3n del usuario.<\/p>\n<p>Arn\u00e9s ajustable con bandas el\u00e1sticas hipoalerg\u00e9nicas con sistema DROP DOWN y cintas de sujeci\u00f3n.<\/p>\n<p>V\u00e1lvulas de inhalaci\u00f3n y exhalaci\u00f3n.<\/p>\n<p>Pieza facial de TRP (termopl\u00e1stico).<\/p>\n<p>Certificaciones: EN140:1998 EU 2016\/425<\/p>\n","protected":false},"excerpt":{"rendered":"<p>M\u00e1scara de media cara<\/p>\n","protected":false},"featured_media":6733,"template":"","meta":{"inline_featured_image":false,"_joinchat":[]},"product_cat":[113],"product_tag":[],"class_list":{"0":"post-1850","1":"product","2":"type-product","3":"status-publish","4":"has-post-thumbnail","6":"product_cat-mascarillas","8":"first","9":"instock","10":"shipping-taxable","11":"product-type-simple"},"_links":{"self":[{"href":"https:\/\/slg.gt\/wp1\/wp-json\/wp\/v2\/product\/1850","targetHints":{"allow":["GET"]}}],"collection":[{"href":"https:\/\/slg.gt\/wp1\/wp-json\/wp\/v2\/product"}],"about":[{"href":"https:\/\/slg.gt\/wp1\/wp-json\/wp\/v2\/types\/product"}],"wp:featuredmedia":[{"embeddable":true,"href":"https:\/\/slg.gt\/wp1\/wp-json\/wp\/v2\/media\/6733"}],"wp:attachment":[{"href":"https:\/\/slg.gt\/wp1\/wp-json\/wp\/v2\/media?parent=1850"}],"wp:term":[{"taxonomy":"product_cat","embeddable":true,"href":"https:\/\/slg.gt\/wp1\/wp-json\/wp\/v2\/product_cat?post=1850"},{"taxonomy":"product_tag","embeddable":true,"href":"https:\/\/slg.gt\/wp1\/wp-json\/wp\/v2\/product_tag?post=1850"}],"curies":[{"name":"wp","href":"https:\/\/api.w.org\/{rel}","templated":true}]}}