{"id":6595,"date":"2020-12-23T00:30:34","date_gmt":"2020-12-23T00:30:34","guid":{"rendered":"https:\/\/slg.gt\/wp2\/producto\/import-placeholder-for-229\/"},"modified":"2020-12-23T00:30:34","modified_gmt":"2020-12-23T00:30:34","slug":"6-cobertor-de-nuca","status":"publish","type":"product","link":"https:\/\/slg.gt\/wp1\/producto\/6-cobertor-de-nuca\/","title":{"rendered":"6. Cobertor de Nuca"},"content":{"rendered":"<p><strong>Cobertor de Nuca<\/strong><\/p>\n<ul>\n<li>Marca MSA<\/li>\n<li>Cobertor est\u00e1ndar de malla con banda el\u00e1stica de anclaje al casco. Se adapta f\u00e1cilmente al casco debido a la tela Tejida que evita que se rompa. Protege toda la parte posterior de la cabeza y costados del cuello.<\/li>\n<li>Dise\u00f1ado para labores con alta exposici\u00f3n al sol.<\/li>\n<\/ul>\n","protected":false},"excerpt":{"rendered":"<p><strong>Cobertor de Nuca<\/strong><\/p>\n","protected":false},"featured_media":1270,"template":"","meta":{"inline_featured_image":false,"_joinchat":[]},"product_cat":[97],"product_tag":[],"class_list":{"0":"post-6595","1":"product","2":"type-product","3":"status-publish","4":"has-post-thumbnail","6":"product_cat-cascos-y-accesorios","8":"first","9":"instock","10":"shipping-taxable","11":"product-type-simple"},"_links":{"self":[{"href":"https:\/\/slg.gt\/wp1\/wp-json\/wp\/v2\/product\/6595","targetHints":{"allow":["GET"]}}],"collection":[{"href":"https:\/\/slg.gt\/wp1\/wp-json\/wp\/v2\/product"}],"about":[{"href":"https:\/\/slg.gt\/wp1\/wp-json\/wp\/v2\/types\/product"}],"wp:featuredmedia":[{"embeddable":true,"href":"https:\/\/slg.gt\/wp1\/wp-json\/wp\/v2\/media\/1270"}],"wp:attachment":[{"href":"https:\/\/slg.gt\/wp1\/wp-json\/wp\/v2\/media?parent=6595"}],"wp:term":[{"taxonomy":"product_cat","embeddable":true,"href":"https:\/\/slg.gt\/wp1\/wp-json\/wp\/v2\/product_cat?post=6595"},{"taxonomy":"product_tag","embeddable":true,"href":"https:\/\/slg.gt\/wp1\/wp-json\/wp\/v2\/product_tag?post=6595"}],"curies":[{"name":"wp","href":"https:\/\/api.w.org\/{rel}","templated":true}]}}